{"id":616,"date":"2020-02-23T15:43:07","date_gmt":"2020-02-23T14:43:07","guid":{"rendered":"http:\/\/livment.de\/?page_id=616"},"modified":"2020-02-23T15:43:07","modified_gmt":"2020-02-23T14:43:07","slug":"impressum","status":"publish","type":"page","link":"https:\/\/livment.de\/de\/impressum\/","title":{"rendered":"Impressum und Disclaimer"},"content":{"rendered":"\n<p>Bilder und Grafiken<\/p>\n\n\n\n<p>livment.de<\/p>\n\n\n\n<p><a href=\"https:\/\/pixabay.com\/\">Pixabay<\/a> &#8211; &nbsp;free images<\/p>\n\n\n\n<p>Haftungsausschluss<\/p>\n\n\n\n<p>1. Inhalt des Onlineangebotes<\/p>\n\n\n\n<p>Die Inhalte unserer Seiten wurden mit gr\u00f6\u00dfter Sorgfalt erstellt. F\u00fcr die Richtigkeit, Vollst\u00e4ndigkeit und Aktualit\u00e4t der Inhalte k\u00f6nnen wir jedoch keine Gew\u00e4hr \u00fcbernehmen. Als Diensteanbieter sind wir gem\u00e4\u00df \u00a7 7 Abs.1 TMG f\u00fcr eigene Inhalte auf diesen Seiten nach den allgemeinen Gesetzen verantwortlich. Nach \u00a7\u00a7 8 bis 10 TMG sind wir als Diensteanbieter jedoch nicht verpflichtet, \u00fcbermittelte oder gespeicherte fremde Informationen zu \u00fcberwachen oder nach Umst\u00e4nden zu forschen, die auf eine rechtswidrige T\u00e4tigkeit hinweisen. Verpflichtungen zur Entfernung oder Sperrung der Nutzung von Informationen nach den allgemeinen Gesetzen bleiben hiervon unber\u00fchrt. Eine diesbez\u00fcgliche Haftung ist jedoch erst ab dem Zeitpunkt der Kenntnis einer konkreten Rechtsverletzung m\u00f6glich. Bei Bekanntwerden von entsprechenden Rechtsverletzungen werden wir diese Inhalte umgehend entfernen.<br>Haftungsanspr\u00fcche gegen den Autor, welche sich auf Sch\u00e4den materieller oder ideeller Art beziehen, die durch die Nutzung oder Nichtnutzung der dargebotenen Informationen bzw. durch die Nutzung fehlerhafter und unvollst\u00e4ndiger Informationen verursacht wurden, sind grunds\u00e4tzlich ausgeschlossen, sofern seitens des Autors kein nachweislich vors\u00e4tzliches oder grob fahrl\u00e4ssiges Verschulden vorliegt.<br>Alle Angebote sind freibleibend und unverbindlich. Der Autor beh\u00e4lt es sich ausdr\u00fccklich vor, Teile der Seiten oder das gesamte Angebot ohne gesonderte Ank\u00fcndigung zu ver\u00e4ndern, zu erg\u00e4nzen, zu l\u00f6schen oder die Ver\u00f6ffentlichung zeitweise oder endg\u00fcltig einzustellen.<\/p>\n\n\n\n<p>2. Verweise und Links<\/p>\n\n\n\n<p>Bei direkten oder indirekten Verweisen auf fremde Webseiten (\u201cHyperlinks\u201d), die au\u00dferhalb des Verantwortungsbereiches des Autors liegen, w\u00fcrde eine Haftungsverpflichtung ausschlie\u00dflich in dem Fall in Kraft treten, in dem der Autor von den Inhalten Kenntnis hat und es ihm technisch m\u00f6glich und zumutbar w\u00e4re, die Nutzung im Falle rechtswidriger Inhalte zu verhindern. Der Autor erkl\u00e4rt hiermit ausdr\u00fccklich, dass zum Zeitpunkt der Linksetzung keine illegalen Inhalte auf den zu verlinkenden Seiten erkennbar waren. Auf die aktuelle und zuk\u00fcnftige Gestaltung, die Inhalte oder die Urheberschaft der verlinkten\/verkn\u00fcpften Seiten hat der Autor keinerlei Einfluss. Deshalb distanziert er sich hiermit ausdr\u00fccklich von allen Inhalten aller verlinkten \/verkn\u00fcpften Seiten, die nach der Linksetzung ver\u00e4ndert wurden. Diese Feststellung gilt f\u00fcr alle innerhalb des eigenen Internetangebotes gesetzten Links und Verweise sowie f\u00fcr Fremdeintr\u00e4ge in vom Autor eingerichteten G\u00e4steb\u00fcchern, Diskussionsforen, Linkverzeichnissen, Mailinglisten und in allen anderen Formen von Datenbanken, auf deren Inhalt externe Schreibzugriffe m\u00f6glich sind. F\u00fcr illegale, fehlerhafte oder unvollst\u00e4ndige Inhalte und insbesondere f\u00fcr Sch\u00e4den, die aus der Nutzung oder Nichtnutzung solcherart dargebotener Informationen entstehen, haftet allein der Anbieter der Seite, auf welche verwiesen wurde, nicht derjenige, der \u00fcber Links auf die jeweilige Ver\u00f6ffentlichung lediglich verweist.<\/p>\n\n\n\n<p>3. Urheber- und Kennzeichenrecht<\/p>\n\n\n\n<p>Der Autor ist bestrebt, in allen Publikationen die Urheberrechte der verwendeten Bilder, Grafiken, Tondokumente, Videosequenzen und Texte zu beachten, von ihm selbst erstellte Bilder, Grafiken, Tondokumente, Videosequenzen und Texte zu nutzen oder auf lizenzfreie Grafiken, Tondokumente, Videosequenzen und Texte zur\u00fcckzugreifen. Alle innerhalb des Internetangebotes genannten und ggf. durch Dritte gesch\u00fctzten Marken- und Warenzeichen unterliegen uneingeschr\u00e4nkt den Bestimmungen des jeweils g\u00fcltigen Kennzeichenrechts und den Besitzrechten der jeweiligen eingetragenen Eigent\u00fcmer. Sollten Sie dennoch auf eine Urheberrechtsverletzung aufmerksam werden, bitten wir um eine Benachrichtigung. Bei Kenntnis von Urheberrechtsverletzungen werden wir die betreffenden Inhalte umgehend entfernen.<\/p>\n\n\n\n<p>Allein aufgrund der blo\u00dfen Nennung ist nicht der Schluss zu ziehen, dass Markenzeichen nicht durch Rechte Dritter gesch\u00fctzt sind!<br>Das Copyright f\u00fcr ver\u00f6ffentlichte, vom Autor selbst erstellte Objekte bleibt allein beim Autor der Seiten. Eine Vervielf\u00e4ltigung oder Verwendung solcher Grafiken, Tondokumente, Videosequenzen und Texte in anderen elektronischen oder gedruckten Publikationen ist ohne ausdr\u00fcckliche Zustimmung des Autors nicht gestattet.<\/p>\n\n\n\n<p>Streitschlichtungsrichtlinie<\/p>\n\n\n\n<p>Online-Streitbeilegung gem\u00e4\u00df Art. 14 Abs. 1 ODR-VO: Die Europ\u00e4ische Kommission stellt eine Plattform zur Online-Streitbeilegung (OS) bereit, die Sie unter http:\/\/ec.europa.eu\/consumers\/odr\/ finden.<\/p>\n\n\n\n<p>Rechtswirksamkeit dieses Haftungsausschlusses<\/p>\n\n\n\n<p>Dieser Haftungsausschluss ist als Teil des Internetangebotes zu betrachten, von dem aus auf diese Seite verwiesen wurde. Sofern Teile oder einzelne Formulierungen dieses Textes der geltenden Rechtslage nicht, nicht mehr oder nicht vollst\u00e4ndig entsprechen sollten, bleiben die \u00fcbrigen Teile des Dokumentes in ihrem Inhalt und ihrer G\u00fcltigkeit davon unber\u00fchrt.<\/p>\n\n\n\n<h4 class=\"wp-block-heading\">Angaben gem\u00e4\u00df \u00a7 5 TMG:<\/h4>\n\n\n\n<figure class=\"wp-block-image is-resized\"><img loading=\"lazy\" decoding=\"async\" src=\"http:\/\/kiinda.eu\/wp-content\/uploads\/2018\/02\/Untitled-1-261x300.png\" alt=\"\" class=\"wp-image-427\" width=\"137\" height=\"158\"\/><\/figure>\n\n\n\n<h4 class=\"wp-block-heading\">Disclaimer:<\/h4>\n\n\n\n<p>Haftung f\u00fcr Inhalte<br>Die Erstellung der Inhalte dieser Webseite erfolgte mit gr\u00f6\u00dftm\u00f6glicher Sorgfalt. Allerdings k\u00f6nnen wir keine Gew\u00e4hr f\u00fcr die Vollst\u00e4ndigkeit der bereitgestellten Inhalte, ihre Aktualit\u00e4t sowie Richtigkeit \u00fcbernehmen. Gem. \u00a7\u00a7 8 \u2013 10 TMG trifft uns als Dienstanbieter keine Pflicht, fremde Informationen, die \u00fcbermittelt oder gespeichert wurden, zu \u00fcberwachen oder nach Anhaltspunkten und Umst\u00e4nden zu forschen, die die Rechtswidrigkeit von T\u00e4tigkeiten und Informationen indizieren.<\/p>\n\n\n\n<p>Eine Verpflichtung unsererseits zur Nutzungssperrung von Inhalten im Rahmen der allgemeinen Gesetze bleibt hiervon stets unber\u00fchrt. Diese Haftung kommt jedoch erst im Moment der Kenntnisnahme einer konkreten Verletzung von Rechten in Frage. Sollten uns Rechtsverletzungen bekannt werden, so sind die entsprechenden Inhalte von uns unverz\u00fcglich zu entfernen.<\/p>\n\n\n\n<p>Unsere Haftung f\u00fcr eigene Inhalte richtet sich, als Dienstanbieter, nach den allgemeinen Gesetzen.<\/p>\n\n\n\n<p>Haftung f\u00fcr Links<br>Diese Webseite beinhaltet Verlinkungen zu Webseiten Dritter \u2013 sog. externe Links. Die Inhalte dieser externen Links entziehen sich unserer Einflussnahme, sodass eine Gew\u00e4hr f\u00fcr solche Inhalte unsererseits nicht \u00fcbernommen wird.<\/p>\n\n\n\n<p>Die Verantwortung liegt stets beim jeweiligen Betreiber der externen Seiten. Zum Zeitpunkt der Verkn\u00fcpfung der externen Links waren keine Rechtsverst\u00f6\u00dfe ersichtlich. Die permanente \u00dcberwachung fremder Inhalte auf Rechtsverst\u00f6\u00dfe ohne konkrete Hinweise ist uns nicht zumutbar.<\/p>\n\n\n\n<p>Sollten wir Kenntnis von Rechtsverletzungen erlangen, werden wir die entsprechenden externen Links unverz\u00fcglich entfernen.<\/p>\n\n\n\n<p>Urheberrecht\/Leistungsschutzrecht<br>Auf die vom Anbieter auf dieser Seite ver\u00f6ffentlichten Inhalte findet das schweizer&nbsp;Urheber und Leistungsschutzrecht Anwendung. Sofern die Vervielf\u00e4ltigung, Bearbeitung, Verbreitung oder jegliche andere Art der Verwertung au\u00dferhalb des deutschen Urheber- und Leistungsschutzrechts liegt, bedarf es einer schriftlichen Zustimmung des jeweiligen Erstellers. Unerlaubtes Kopieren oder Downloaden dieser Seiten ist ausschlie\u00dflich f\u00fcr den privaten Bereich, nicht jedoch f\u00fcr den kommerziellen, erlaubt. Sofern nicht wir als Betreiber auch als Ersteller der Inhalte fungieren, werden die Urheberrechte von Dritten beachtet. Wir sind stets bem\u00fcht solche Inhalte als Inhalte Dritter zu kennzeichnen. Wir bitten Sie f\u00fcr den Fall, dass Ihnen trotz sorgf\u00e4ltiger Arbeit unsererseits, eine Urheberrechtsverletzung auff\u00e4llt, uns entsprechend darauf hinzuweisen, sodass die Entfernung dieser Inhalte umgehend veranlasst werden kann.<\/p>\n","protected":false},"excerpt":{"rendered":"<p>Bilder und Grafiken livment.de Pixabay &#8211; &nbsp;free images Haftungsausschluss 1. Inhalt des Onlineangebotes Die Inhalte unserer Seiten wurden mit gr\u00f6\u00dfter Sorgfalt erstellt. F\u00fcr die Richtigkeit, Vollst\u00e4ndigkeit und Aktualit\u00e4t der Inhalte &#8230;<\/p>\n","protected":false},"author":1,"featured_media":0,"parent":0,"menu_order":0,"comment_status":"closed","ping_status":"closed","template":"","meta":{"footnotes":""},"class_list":["post-616","page","type-page","status-publish","hentry"],"yoast_head":"<!-- This site is optimized with the Yoast SEO plugin v27.3 - https:\/\/yoast.com\/product\/yoast-seo-wordpress\/ -->\n<title>Impressum und Disclaimer - livment<\/title>\n<meta name=\"robots\" content=\"noindex, nofollow\" \/>\n<meta property=\"og:locale\" content=\"de_DE\" \/>\n<meta property=\"og:type\" content=\"article\" \/>\n<meta property=\"og:title\" content=\"Impressum und Disclaimer - livment\" \/>\n<meta property=\"og:description\" content=\"Bilder und Grafiken livment.de Pixabay &#8211; &nbsp;free images Haftungsausschluss 1. Inhalt des Onlineangebotes Die Inhalte unserer Seiten wurden mit gr\u00f6\u00dfter Sorgfalt erstellt. F\u00fcr die Richtigkeit, Vollst\u00e4ndigkeit und Aktualit\u00e4t der Inhalte ...\" \/>\n<meta property=\"og:url\" content=\"https:\/\/livment.de\/impressum\/\" \/>\n<meta property=\"og:site_name\" content=\"livment\" \/>\n<meta property=\"article:publisher\" content=\"https:\/\/www.facebook.com\/livment.brand\/\" \/>\n<meta property=\"og:image\" content=\"http:\/\/kiinda.eu\/wp-content\/uploads\/2018\/02\/Untitled-1-261x300.png\" \/>\n<meta name=\"twitter:card\" content=\"summary_large_image\" \/>\n<meta name=\"twitter:label1\" content=\"Gesch\u00e4tzte Lesezeit\" \/>\n\t<meta name=\"twitter:data1\" content=\"5\u00a0Minuten\" \/>\n<script type=\"application\/ld+json\" class=\"yoast-schema-graph\">{\"@context\":\"https:\\\/\\\/schema.org\",\"@graph\":[{\"@type\":\"WebPage\",\"@id\":\"https:\\\/\\\/livment.de\\\/impressum\\\/\",\"url\":\"https:\\\/\\\/livment.de\\\/impressum\\\/\",\"name\":\"Impressum und Disclaimer - livment\",\"isPartOf\":{\"@id\":\"https:\\\/\\\/livment.de\\\/#website\"},\"primaryImageOfPage\":{\"@id\":\"https:\\\/\\\/livment.de\\\/impressum\\\/#primaryimage\"},\"image\":{\"@id\":\"https:\\\/\\\/livment.de\\\/impressum\\\/#primaryimage\"},\"thumbnailUrl\":\"http:\\\/\\\/kiinda.eu\\\/wp-content\\\/uploads\\\/2018\\\/02\\\/Untitled-1-261x300.png\",\"datePublished\":\"2020-02-23T14:43:07+00:00\",\"breadcrumb\":{\"@id\":\"https:\\\/\\\/livment.de\\\/impressum\\\/#breadcrumb\"},\"inLanguage\":\"de\",\"potentialAction\":[{\"@type\":\"ReadAction\",\"target\":[\"https:\\\/\\\/livment.de\\\/impressum\\\/\"]}]},{\"@type\":\"ImageObject\",\"inLanguage\":\"de\",\"@id\":\"https:\\\/\\\/livment.de\\\/impressum\\\/#primaryimage\",\"url\":\"http:\\\/\\\/kiinda.eu\\\/wp-content\\\/uploads\\\/2018\\\/02\\\/Untitled-1-261x300.png\",\"contentUrl\":\"http:\\\/\\\/kiinda.eu\\\/wp-content\\\/uploads\\\/2018\\\/02\\\/Untitled-1-261x300.png\"},{\"@type\":\"BreadcrumbList\",\"@id\":\"https:\\\/\\\/livment.de\\\/impressum\\\/#breadcrumb\",\"itemListElement\":[{\"@type\":\"ListItem\",\"position\":1,\"name\":\"Startseite\",\"item\":\"https:\\\/\\\/livment.de\\\/\"},{\"@type\":\"ListItem\",\"position\":2,\"name\":\"Impressum und Disclaimer\"}]},{\"@type\":\"WebSite\",\"@id\":\"https:\\\/\\\/livment.de\\\/#website\",\"url\":\"https:\\\/\\\/livment.de\\\/\",\"name\":\"livment\",\"description\":\"live in the moment\",\"publisher\":{\"@id\":\"https:\\\/\\\/livment.de\\\/#organization\"},\"potentialAction\":[{\"@type\":\"SearchAction\",\"target\":{\"@type\":\"EntryPoint\",\"urlTemplate\":\"https:\\\/\\\/livment.de\\\/?s={search_term_string}\"},\"query-input\":{\"@type\":\"PropertyValueSpecification\",\"valueRequired\":true,\"valueName\":\"search_term_string\"}}],\"inLanguage\":\"de\"},{\"@type\":\"Organization\",\"@id\":\"https:\\\/\\\/livment.de\\\/#organization\",\"name\":\"livment\",\"url\":\"https:\\\/\\\/livment.de\\\/\",\"logo\":{\"@type\":\"ImageObject\",\"inLanguage\":\"de\",\"@id\":\"https:\\\/\\\/livment.de\\\/#\\\/schema\\\/logo\\\/image\\\/\",\"url\":\"https:\\\/\\\/livment.de\\\/wp-content\\\/uploads\\\/2020\\\/01\\\/livment.png\",\"contentUrl\":\"https:\\\/\\\/livment.de\\\/wp-content\\\/uploads\\\/2020\\\/01\\\/livment.png\",\"width\":7917,\"height\":1450,\"caption\":\"livment\"},\"image\":{\"@id\":\"https:\\\/\\\/livment.de\\\/#\\\/schema\\\/logo\\\/image\\\/\"},\"sameAs\":[\"https:\\\/\\\/www.facebook.com\\\/livment.brand\\\/\",\"https:\\\/\\\/www.instagram.com\\\/livment.brand\\\/\"]}]}<\/script>\n<!-- \/ Yoast SEO plugin. -->","yoast_head_json":{"title":"Impressum und Disclaimer - livment","robots":{"index":"noindex","follow":"nofollow"},"og_locale":"de_DE","og_type":"article","og_title":"Impressum und Disclaimer - livment","og_description":"Bilder und Grafiken livment.de Pixabay &#8211; &nbsp;free images Haftungsausschluss 1. Inhalt des Onlineangebotes Die Inhalte unserer Seiten wurden mit gr\u00f6\u00dfter Sorgfalt erstellt. F\u00fcr die Richtigkeit, Vollst\u00e4ndigkeit und Aktualit\u00e4t der Inhalte ...","og_url":"https:\/\/livment.de\/impressum\/","og_site_name":"livment","article_publisher":"https:\/\/www.facebook.com\/livment.brand\/","og_image":[{"url":"http:\/\/kiinda.eu\/wp-content\/uploads\/2018\/02\/Untitled-1-261x300.png","type":"","width":"","height":""}],"twitter_card":"summary_large_image","twitter_misc":{"Gesch\u00e4tzte Lesezeit":"5\u00a0Minuten"},"schema":{"@context":"https:\/\/schema.org","@graph":[{"@type":"WebPage","@id":"https:\/\/livment.de\/impressum\/","url":"https:\/\/livment.de\/impressum\/","name":"Impressum und Disclaimer - livment","isPartOf":{"@id":"https:\/\/livment.de\/#website"},"primaryImageOfPage":{"@id":"https:\/\/livment.de\/impressum\/#primaryimage"},"image":{"@id":"https:\/\/livment.de\/impressum\/#primaryimage"},"thumbnailUrl":"http:\/\/kiinda.eu\/wp-content\/uploads\/2018\/02\/Untitled-1-261x300.png","datePublished":"2020-02-23T14:43:07+00:00","breadcrumb":{"@id":"https:\/\/livment.de\/impressum\/#breadcrumb"},"inLanguage":"de","potentialAction":[{"@type":"ReadAction","target":["https:\/\/livment.de\/impressum\/"]}]},{"@type":"ImageObject","inLanguage":"de","@id":"https:\/\/livment.de\/impressum\/#primaryimage","url":"http:\/\/kiinda.eu\/wp-content\/uploads\/2018\/02\/Untitled-1-261x300.png","contentUrl":"http:\/\/kiinda.eu\/wp-content\/uploads\/2018\/02\/Untitled-1-261x300.png"},{"@type":"BreadcrumbList","@id":"https:\/\/livment.de\/impressum\/#breadcrumb","itemListElement":[{"@type":"ListItem","position":1,"name":"Startseite","item":"https:\/\/livment.de\/"},{"@type":"ListItem","position":2,"name":"Impressum und Disclaimer"}]},{"@type":"WebSite","@id":"https:\/\/livment.de\/#website","url":"https:\/\/livment.de\/","name":"livment","description":"live in the moment","publisher":{"@id":"https:\/\/livment.de\/#organization"},"potentialAction":[{"@type":"SearchAction","target":{"@type":"EntryPoint","urlTemplate":"https:\/\/livment.de\/?s={search_term_string}"},"query-input":{"@type":"PropertyValueSpecification","valueRequired":true,"valueName":"search_term_string"}}],"inLanguage":"de"},{"@type":"Organization","@id":"https:\/\/livment.de\/#organization","name":"livment","url":"https:\/\/livment.de\/","logo":{"@type":"ImageObject","inLanguage":"de","@id":"https:\/\/livment.de\/#\/schema\/logo\/image\/","url":"https:\/\/livment.de\/wp-content\/uploads\/2020\/01\/livment.png","contentUrl":"https:\/\/livment.de\/wp-content\/uploads\/2020\/01\/livment.png","width":7917,"height":1450,"caption":"livment"},"image":{"@id":"https:\/\/livment.de\/#\/schema\/logo\/image\/"},"sameAs":["https:\/\/www.facebook.com\/livment.brand\/","https:\/\/www.instagram.com\/livment.brand\/"]}]}},"_links":{"self":[{"href":"https:\/\/livment.de\/de\/wp-json\/wp\/v2\/pages\/616","targetHints":{"allow":["GET"]}}],"collection":[{"href":"https:\/\/livment.de\/de\/wp-json\/wp\/v2\/pages"}],"about":[{"href":"https:\/\/livment.de\/de\/wp-json\/wp\/v2\/types\/page"}],"author":[{"embeddable":true,"href":"https:\/\/livment.de\/de\/wp-json\/wp\/v2\/users\/1"}],"replies":[{"embeddable":true,"href":"https:\/\/livment.de\/de\/wp-json\/wp\/v2\/comments?post=616"}],"version-history":[{"count":2,"href":"https:\/\/livment.de\/de\/wp-json\/wp\/v2\/pages\/616\/revisions"}],"predecessor-version":[{"id":1621,"href":"https:\/\/livment.de\/de\/wp-json\/wp\/v2\/pages\/616\/revisions\/1621"}],"wp:attachment":[{"href":"https:\/\/livment.de\/de\/wp-json\/wp\/v2\/media?parent=616"}],"curies":[{"name":"wp","href":"https:\/\/api.w.org\/{rel}","templated":true}]}}